{"id":5,"date":"2022-08-23T21:06:10","date_gmt":"2022-08-24T00:06:10","guid":{"rendered":"https:\/\/landingpage2.medtourtransplantecapilar.com.br\/?page_id=5"},"modified":"2023-08-17T11:22:18","modified_gmt":"2023-08-17T14:22:18","slug":"5-2","status":"publish","type":"page","link":"https:\/\/landingpage2.medtourtransplantecapilar.com.br\/","title":{"rendered":"Home"},"content":{"rendered":"\n<h1>\n\t\tCirurgias de transplante capilar em hospital\t\n<\/h1>\n\t<p>Realizamos cirurgia de transplante capilar em HOSPITAL e n\u00e3o somente em &#8220;cl\u00ednica com ambiente hospitalar&#8221;. Sim em HOPSPITAL e num dos mais conceituados de S\u00e3o Paulo e do Brasil. Toda a infraestrutura hospitalar \u00e0 disposi\u00e7\u00e3o de nossos cirurgi\u00f5es para sua maior seguran\u00e7a!<\/p>\n\t<!-- submit (eg. mailingboss) --> \n\t\t\t<a\t\t\thref=\"http:\/\/wa.me\/message\/ASQUP3ILZBBHH1\"\n\t\t\t\t\t\ttarget=\"_blank\"\n\t\t\tclass=\"button__button\"\n\t\t\trole=\"button\"\n\t\t\t rel=\"noopener\">\n\t<!-- content -->\n\t<!-- icon before -->\n\t<!-- text -->\n\t\t\t\t\tMarque sua avalia\u00e7\u00e3o\n\t<!-- icon after -->\n\t<\/a>\n<h1>\n\t\tProcesso Completo\t\n<\/h1>\n\t<p>Veja as etapas para um transplante capilar bem sucedido!<\/p>\n\t\t\t\t    <img class=\"ba-cheetah-photo-img\"\n\t\t\t\tsrc=\"https:\/\/cheetahwp.builderall.com\/wp-content\/uploads\/2022\/02\/geography.png\"\n\t\t\t\talt=\"\"\n\t\t\t\t\t\t\t\titemprop=\"image\" \n\t\t\t\tonerror=\"this.style.display='none'\"  \/>\n\t<p>Avalia\u00e7\u00e3o<\/p>\n\t<p>Fazemos uma pr\u00e9via avalia\u00e7\u00e3o com nossos especialistas capilares para estimarmos o grau de calv\u00edcie e enviamos a recomenda\u00e7\u00e3o de cirurgia de transplante capilar ou n\u00e3o. A segunda fase constitui-se no paciente realizar sua consulta com o m\u00e9dico cirurgi\u00e3o para elucida\u00e7\u00e3o de d\u00favidas mais cient\u00edficas sobre o procedimento cir\u00fargico.<\/p>\n\t\t\t\t    <img class=\"ba-cheetah-photo-img wp-image-5536 size-full\"\n\t\t\t\tsrc=\"https:\/\/cheetahwp.builderall.com\/wp-content\/uploads\/2022\/02\/microscope.png\"\n\t\t\t\talt=\"\"\n\t\t\t\t\t\t\t\titemprop=\"image\" \n\t\t\t\theight=\"512\" width=\"512\" onerror=\"this.style.display='none'\"  \/>\n\t<p>Exames<\/p>\n\t<p>Para fins de cirurgia de transplante capilar, nosso cirurgi\u00e3o solicitar\u00e1 exames cl\u00ednicos e de imagens para conhecer a condi\u00e7\u00e3o de sa\u00fade do paciente para o procedimento cir\u00fargico. Podem ser solicitados exames bem espec\u00edficos para determinarmos a origem da alopecia e sugerirmos o tratamento mais adequado ao paciente.<\/p>\n\t\t\t\t    <img class=\"ba-cheetah-photo-img\"\n\t\t\t\tsrc=\"https:\/\/cheetahwp.builderall.com\/wp-content\/uploads\/2022\/02\/science.png\"\n\t\t\t\talt=\"\"\n\t\t\t\t\t\t\t\titemprop=\"image\" \n\t\t\t\tonerror=\"this.style.display='none'\"  \/>\n\t<p>Cirurgia e Tratamentos<\/p>\n\t<p>O m\u00e9dico poder\u00e1 indicar tratamento medicamentoso ou terap\u00eautico\u00a0 ao paciente antes e depois da cirurgia, para melhor desenvolvimento da \u00e1rea doadora e para estabilizar a sa\u00fade capilar do paciente enquanto h\u00e1 o per\u00edodo de matura\u00e7\u00e3o e pleno desenvolvimento da cirurgia de transplante capilar.<\/p>\n\t<p>Os melhores profissionais de tratamento capilar est\u00e3o \u00e0 sua disposi\u00e7\u00e3o<\/p>\n<h1>\n\t\tTenha o tratamento mais adequado\t\n<\/h1>\n\t<p>\u00c9 muito importante fazer a sua avalia\u00e7\u00e3o e todos os exames para que possamos encaminhar o melhor tratamento e a melhor t\u00e9cnica de cirurgia de transplante capilar em ambiente hospitar.<\/p>\n\t<!-- submit (eg. mailingboss) --> \n\t\t\t<a\t\t\thref=\"http:\/\/wa.me\/message\/ASQUP3ILZBBHH1\"\n\t\t\t\t\t\ttarget=\"_blank\"\n\t\t\tclass=\"button__button\"\n\t\t\trole=\"button\"\n\t\t\t rel=\"noopener\">\n\t<!-- content -->\n\t<!-- icon before -->\n\t<!-- text -->\n\t\t\t\t\tSaiba mais\n\t<!-- icon after -->\n\t<\/a>\n<h1>\n\t\tComo Funciona\t\n<\/h1>\n\t<p>Acompanhamos o seu processo inteiro desde o primeiro contato, passando pela avalia\u00e7\u00e3o, exames, cirurgia e tratamentos p\u00f3s cir\u00fargicos para garantir um resultado natural.<\/p>\n\t\t\t\t    <img class=\"ba-cheetah-photo-img wp-image-92 size-full\"\n\t\t\t\tsrc=\"https:\/\/landingpage2.medtourtransplantecapilar.com.br\/wp-content\/uploads\/2022\/09\/1-2.png\"\n\t\t\t\talt=\"\"\n\t\t\t\t\t\t\t\titemprop=\"image\" \n\t\t\t\theight=\"500\" width=\"500\" onerror=\"this.style.display='none'\" srcset=\"https:\/\/landingpage2.medtourtransplantecapilar.com.br\/wp-content\/uploads\/2022\/09\/1-2.png 500w, https:\/\/landingpage2.medtourtransplantecapilar.com.br\/wp-content\/uploads\/2022\/09\/1-2-300x300.png 300w, https:\/\/landingpage2.medtourtransplantecapilar.com.br\/wp-content\/uploads\/2022\/09\/1-2-150x150.png 150w\" sizes=\"(max-width: 500px) 100vw, 500px\" \/>\n\t<p>1\u00baPASSO<\/p>\n<p>Tire suas d\u00favidas com nosso consultor especialista<\/p>\n\t<p>Voc\u00ea conversa com uma especialista para fazer uma avalia\u00e7\u00e3o preliminar\u00a0 SEM CUSTO E SEM COMPROMISSO estimando seu grau de calv\u00edcie e indicando-lhe ou n\u00e3o a cirurgia de transplante capilar ou simplesmente um tratamento.<\/p>\n\t\t\t\t    <img class=\"ba-cheetah-photo-img wp-image-93 size-full\"\n\t\t\t\tsrc=\"https:\/\/landingpage2.medtourtransplantecapilar.com.br\/wp-content\/uploads\/2022\/09\/2-2.png\"\n\t\t\t\talt=\"\"\n\t\t\t\t\t\t\t\titemprop=\"image\" \n\t\t\t\theight=\"500\" width=\"500\" onerror=\"this.style.display='none'\" srcset=\"https:\/\/landingpage2.medtourtransplantecapilar.com.br\/wp-content\/uploads\/2022\/09\/2-2.png 500w, https:\/\/landingpage2.medtourtransplantecapilar.com.br\/wp-content\/uploads\/2022\/09\/2-2-300x300.png 300w, https:\/\/landingpage2.medtourtransplantecapilar.com.br\/wp-content\/uploads\/2022\/09\/2-2-150x150.png 150w\" sizes=\"(max-width: 500px) 100vw, 500px\" \/>\n\t<p>2\u00ba PASSO<\/p>\n<p>Fa\u00e7a a avalia\u00e7\u00e3o<\/p>\n<p>dermatol\u00f3gica e capilar<\/p>\n\t<p>De sua avalia\u00e7\u00e3o marcamos a consulta para conhecer o cirurgi\u00e3o e tirar suas d\u00favidas mais cient\u00edficas para poder decidir com confian\u00e7a quando far\u00e1 sua cirurgia de transplante capilar ou o tratamento indicado.<\/p>\n\t\t\t\t    <img class=\"ba-cheetah-photo-img wp-image-94 size-full\"\n\t\t\t\tsrc=\"https:\/\/landingpage2.medtourtransplantecapilar.com.br\/wp-content\/uploads\/2022\/09\/3-2.png\"\n\t\t\t\talt=\"\"\n\t\t\t\t\t\t\t\titemprop=\"image\" \n\t\t\t\theight=\"500\" width=\"500\" onerror=\"this.style.display='none'\" srcset=\"https:\/\/landingpage2.medtourtransplantecapilar.com.br\/wp-content\/uploads\/2022\/09\/3-2.png 500w, https:\/\/landingpage2.medtourtransplantecapilar.com.br\/wp-content\/uploads\/2022\/09\/3-2-300x300.png 300w, https:\/\/landingpage2.medtourtransplantecapilar.com.br\/wp-content\/uploads\/2022\/09\/3-2-150x150.png 150w\" sizes=\"(max-width: 500px) 100vw, 500px\" \/>\n\t<p>3\u00ba PASSO<\/p>\n<p>Agende sua<\/p>\n<p>cirurgia de transplante<\/p>\n\t<p>Agendamento da data de sua cirurgia junto de seu especialista capilar, emitimos a guia de exames pr\u00e9 operat\u00f3rios e ap\u00f3s laudo do m\u00e9dico, emitimos uma proposta de presta\u00e7\u00e3o de servi\u00e7os e pronto! VOC\u00ca J\u00c1 EST\u00c1 PRONTO PARA REALIZAR SUA CIRURGIA EST\u00c9TICA CAPILAR!<\/p>\n\t<!-- submit (eg. mailingboss) --> \n\t\t\t<a\t\t\thref=\"http:\/\/wa.me\/message\/ASQUP3ILZBBHH1\"\n\t\t\t\t\t\ttarget=\"_blank\"\n\t\t\tclass=\"button__button\"\n\t\t\trole=\"button\"\n\t\t\t rel=\"noopener\">\n\t<!-- content -->\n\t<!-- icon before -->\n\t<!-- text -->\n\t\t\t\t\tQUERO DAR O PRIMEIRO PASSO\n\t<!-- icon after -->\n\t<\/a>\n\t<p>Diferencial<\/p>\n\t\t\t\t    <img class=\"ba-cheetah-photo-img wp-image-72 size-full\"\n\t\t\t\tsrc=\"https:\/\/landingpage2.medtourtransplantecapilar.com.br\/wp-content\/uploads\/2022\/08\/Haja-agora.jpg\"\n\t\t\t\talt=\"\"\n\t\t\t\t\t\t\t\titemprop=\"image\" \n\t\t\t\theight=\"1200\" width=\"780\" onerror=\"this.style.display='none'\" srcset=\"https:\/\/landingpage2.medtourtransplantecapilar.com.br\/wp-content\/uploads\/2022\/08\/Haja-agora.jpg 780w, https:\/\/landingpage2.medtourtransplantecapilar.com.br\/wp-content\/uploads\/2022\/08\/Haja-agora-195x300.jpg 195w, https:\/\/landingpage2.medtourtransplantecapilar.com.br\/wp-content\/uploads\/2022\/08\/Haja-agora-666x1024.jpg 666w, https:\/\/landingpage2.medtourtransplantecapilar.com.br\/wp-content\/uploads\/2022\/08\/Haja-agora-768x1182.jpg 768w\" sizes=\"(max-width: 780px) 100vw, 780px\" \/>\n<h1>\n\t\tCirurgias em hospital\t\n<\/h1>\n\t<p>Transplante capilar \u00e9 uma cirurgia simples, contudo exige todos os cuidados de uma cirurgia qualquer. Nossos pacientes contam com toda a seguran\u00e7a e tecnologia de um hospital completo para ter o seu transplante capilar de forma indolor, segura e bem sucedida.<\/p>\n<p>&nbsp;<\/p>\n<p>Al\u00e9m disso, o tratamento PR\u00c9 OU P\u00d3S OPERAT\u00d3RIO j\u00e1 est\u00e1 incluso no pacote de cirurgia est\u00e9tica capilar e ir\u00e1 garantir o sucesso de seu transplante!<\/p>\n\t<p>Resultados<\/p>\n<h1>\n\t\tComo ficaram nossos clientes\t\n<\/h1>\n\t<p>Os resultados s\u00e3o surpreendentes. Fica muito natural.<\/p>\n<section>\n\t\t\t\t\t\t\t<img decoding=\"async\" src=\"https:\/\/landingpage2.medtourtransplantecapilar.com.br\/wp-content\/uploads\/2023\/08\/Nilson-fotos.png\"\n\t\t\t\t\t\t\t\talt=\"Nome\"\/>\n\t\t\t\t\t\t<p>Texto<\/p>\n\t\t\t\t\t<cite>\n\t\t\t\t\t\t\tNome\t\t\t\t\t\t\n\t\t\t\t\t\t\tX meses\t\t\t\t\t\t\n\t\t\t\t\t<\/cite>\n\t\t\t\t\t\t\t<img decoding=\"async\" src=\"https:\/\/landingpage2.medtourtransplantecapilar.com.br\/wp-content\/uploads\/2023\/08\/345590957_812364036980190_802262246870277612_n.jpg\"\n\t\t\t\t\t\t\t\talt=\"Nome\"\/>\n\t\t\t\t\t\t<p>Texto<\/p>\n\t\t\t\t\t<cite>\n\t\t\t\t\t\t\tNome\t\t\t\t\t\t\n\t\t\t\t\t\t\tX meses\t\t\t\t\t\t\n\t\t\t\t\t<\/cite>\n\t\t\t\t\t\t\t<img decoding=\"async\" src=\"https:\/\/landingpage2.medtourtransplantecapilar.com.br\/wp-content\/uploads\/2023\/08\/365442748_1049712619772667_3969676645698916177_n.jpg\"\n\t\t\t\t\t\t\t\talt=\"Nome\"\/>\n\t\t\t\t\t\t<p>Texto<\/p>\n\t\t\t\t\t<cite>\n\t\t\t\t\t\t\tNome\t\t\t\t\t\t\n\t\t\t\t\t\t\tX meses\t\t\t\t\t\t\n\t\t\t\t\t<\/cite>\n\t\t\t\t\t\t\t<img decoding=\"async\" src=\"https:\/\/landingpage2.medtourtransplantecapilar.com.br\/wp-content\/uploads\/2023\/08\/366047438_17972378540586349_1644908349176089352_n.jpg\"\n\t\t\t\t\t\t\t\talt=\"Nome\"\/>\n\t\t\t\t\t\t<p>Texto<\/p>\n\t\t\t\t\t<cite>\n\t\t\t\t\t\t\tNome\t\t\t\t\t\t\n\t\t\t\t\t\t\tX meses\t\t\t\t\t\t\n\t\t\t\t\t<\/cite>\n\t\t\t\t\t\t\t<img decoding=\"async\" src=\"https:\/\/landingpage2.medtourtransplantecapilar.com.br\/wp-content\/uploads\/2023\/08\/Medtour-tecnico.jpg\"\n\t\t\t\t\t\t\t\talt=\"Nome\"\/>\n\t\t\t\t\t\t<p>Texto<\/p>\n\t\t\t\t\t<cite>\n\t\t\t\t\t\t\tNome\t\t\t\t\t\t\n\t\t\t\t\t\t\tX meses\t\t\t\t\t\t\n\t\t\t\t\t<\/cite>\n<\/section>\n\t<p>D\u00favidas Frequentes<\/p>\n<section>\n\t\t\t<header>\n\t\t\t DORES \n\t\t<\/header>\n\t\t\t<hr \/><p>Nem durante o procedimento e nem depois o paciente sentir\u00e1 dor, pois a regi\u00e3o do couro cabeludo receber\u00e1 anestesia local. Ap\u00f3s a cirurgia, a recupera\u00e7\u00e3o \u00e9 muito tranquila, pois na t\u00e9cnica FUE s\u00e3o feitas nano incis\u00f5es para extrair e transplantar as unidades foliculares. N\u00e3o existem cortes, nem pontos. \u00c9 um processo minimamente invasiso que pode ser realizado at\u00e9 mesmo numa cl\u00ednica bem equipada. Ap\u00f3s 72hs, o paciente est\u00e1 apto a voltar \u00e0s suas atividades profissionais e sociais se assim necessitar. A fim de se evitar quaisquer desconfortos ou processos inflamat\u00f3rios, ser\u00e3o ministrados pela equipe m\u00e9dica analg\u00e9sicos e anti inflamat\u00f3rios por 5 a 7 dias.<\/p>\t\t \n\t\t\t\t<header>\n\t\t\t ANESTESIA \n\t\t<\/header>\n\t\t\t<hr \/><p>N\u00e3o, pelo fato de a cirurgia ser minimamente invasiva, somente ministramos a anestesia local e uma seda\u00e7\u00e3o suave, onde o paciente cochila durante toda a cirurgia e portanto n\u00e3o sentir\u00e1 nenhuma dor durante todo o procedimento cir\u00fargico.<\/p>\t\t \n\t\t\t\t<header>\n\t\t\t APAR\u00caNCIA \n\t\t<\/header>\n\t\t\t<hr \/><p>A sensibilidade cut\u00e2nea varia de paciente a paciente, mas podemos atestar que em 90% a 95% dos casos o paciente fica com o couro cabeludo com a mesma apar\u00eancia que se tivesse se submetido \u00e0 uma micro pigmenta\u00e7\u00e3o, salvo pessoas de pele muito branca, ruivos ou loiros que podem ou n\u00e3o ficar com a regi\u00e3o um pouco mais ruborizada. <br \/>Quanto aos cabelos transplantados, o aspecto ser\u00e1 natural e definitivo. Seu cabelo nascer\u00e1 e se desenvolver\u00e1 como qualquer outro fio de cabelo seu, afinal o transplante \u00e9 feito com extra\u00e7\u00e3o dos pr\u00f3prios cabelos do paciente e realocados nas regi\u00f5es desprovidas ou escassas de fios.<\/p>\t\t \n\t\t\t\t<header>\n\t\t\t CICATRIZA\u00c7\u00c3O \n\t\t<\/header>\n\t\t\t<hr \/><p>N\u00e3o. As incis\u00f5es s\u00e3o menores que 0.06 mm, portanto existe um sangramento m\u00ednimo durante o procedimento e que como dito no m\u00e1ximo em 48hs o couro cabeludo do paciente j\u00e1 se encontrar\u00e1 totalmente cicatrizado com pequenas crostinhas que nos primeiros dias de lavagem seguindo as recomenda\u00e7\u00f5es m\u00e9dicas ser\u00e3o eliminadas rapidamente.<\/p>\t\t \n\t\t\t\t<header>\n\t\t\t RESULTADOS \n\t\t<\/header>\n\t\t\t<hr \/><p>O resultado \u00e9 homog\u00eaneo e os fios de cabelo nascem uns pr\u00f3ximos aos outros, pois devido \u00e0 t\u00e9cnicas novas e \u00e0s instrumenta\u00e7\u00f5es cir\u00fargicas modernas e de ponta s\u00e3o feitos nano orif\u00edcios permitindo assim que as &#8220;mudinhas &#8221; de cabelo nas\u00e7am exatamente o mais pr\u00f3ximo poss\u00edvel do resultado natural do nosso cabelo original &#8221; de f\u00e1brica&#8221;.<\/p>\t\t \n<\/section><h1>\n\t\tNosso pacote \u00e9 completo\t\n<\/h1>\n\t<p>CONSULTA + CIRURGIA + TRATAMENTO<\/p>\n\t\t<header>\n\t\t\t<h3>Premium<\/h3>\n\t\t\t\n\t\t<\/header>\n\t\t\tR$ 12.650\n\t\t\t,00\n\t\t\t\t\t<ul>\n\t\t\t\t\t\t\t\t\t<li>\n\t\t\t\t\t\t\t\t\t\t\t\t\t<i \n\t\t\t\t\t\t\t\tclass=\"fas fa-star\" \n\t\t\t\t\t\t\t\tstyle=\"color: #4054b2\">\n\t\t\t\t\t\t\t<\/i>\n\t\t\t\t\t\t\t<p>Cirurgia de transplante capilar no m\u00e9todo DHI<\/p>\t\t\t\t\t\t\n\t\t\t\t\t<\/li>\n\t\t\t\t\t<li>\n\t\t\t\t\t\t<hr \/>\n\t\t\t\t\t<\/li>\n\t\t\t\t\t\t\t\t\t<li>\n\t\t\t\t\t\t\t\t\t\t\t\t\t<i \n\t\t\t\t\t\t\t\tclass=\"fas fa-star\" \n\t\t\t\t\t\t\t\tstyle=\"color: #4054b2\">\n\t\t\t\t\t\t\t<\/i>\n\t\t\t\t\t\t\t<p>M\u00e1xima densidade capilar<\/p>\t\t\t\t\t\t\n\t\t\t\t\t<\/li>\n\t\t\t\t\t<li>\n\t\t\t\t\t\t<hr \/>\n\t\t\t\t\t<\/li>\n\t\t\t\t\t\t\t\t\t<li>\n\t\t\t\t\t\t\t\t\t\t\t\t\t<i \n\t\t\t\t\t\t\t\tclass=\"fas fa-star\" \n\t\t\t\t\t\t\t\tstyle=\"color: #4054b2\">\n\t\t\t\t\t\t\t<\/i>\n\t\t\t\t\t\t\t<p>Escolha de data da cirurgia pelo cliente<\/p>\t\t\t\t\t\t\n\t\t\t\t\t<\/li>\n\t\t\t\t\t<li>\n\t\t\t\t\t\t<hr \/>\n\t\t\t\t\t<\/li>\n\t\t\t\t\t\t\t\t\t<li>\n\t\t\t\t\t\t\t\t\t\t\t\t\t<i \n\t\t\t\t\t\t\t\tclass=\"fas fa-star\" \n\t\t\t\t\t\t\t\tstyle=\"color: #4054b2\">\n\t\t\t\t\t\t\t<\/i>\n\t\t\t\t\t\t\t<p>Lavagem p\u00f3s cir\u00fargica na cl\u00ednica<\/p>\t\t\t\t\t\t\n\t\t\t\t\t<\/li>\n\t\t\t\t\t<li>\n\t\t\t\t\t\t<hr \/>\n\t\t\t\t\t<\/li>\n\t\t\t\t\t\t\t\t\t<li>\n\t\t\t\t\t\t\t\t\t\t\t\t\t<i \n\t\t\t\t\t\t\t\tclass=\"fas fa-star\" \n\t\t\t\t\t\t\t\tstyle=\"color: #4054b2\">\n\t\t\t\t\t\t\t<\/i>\n\t\t\t\t\t\t\t<p>Em at\u00e9 12 x no cart\u00e3o sem juros<\/p>\t\t\t\t\t\t\n\t\t\t\t\t<\/li>\n\t\t\t\t\t<li>\n\t\t\t\t\t\t<hr \/>\n\t\t\t\t\t<\/li>\n\t\t\t\t\t\t\t<\/ul>\n\t<!-- submit (eg. mailingboss) --> \n\t\t\t<a\t\t\thref=\"http:\/\/wa.me\/message\/ASQUP3ILZBBHH1\"\n\t\t\t\t\t\ttarget=\"_blank\"\n\t\t\tclass=\"button__button\"\n\t\t\trole=\"button\"\n\t\t\t rel=\"noopener\">\n\t<!-- content -->\n\t<!-- icon before -->\n\t<!-- text -->\n\t\t\t\t\tQUERO AGENDAR UMA AVALIA\u00c7\u00c3O\n\t<!-- icon after -->\n\t<\/a>\n\t<p>CONTATOS<\/p>\n\n\n\t<p>TERMOS LEGAIS<\/p>\n\n\n\n","protected":false},"excerpt":{"rendered":"<p>Cirurgias de transplante capilar em hospital Realizamos cirurgia de transplante capilar em HOSPITAL e n\u00e3o somente em &#8220;cl\u00ednica com ambiente hospitalar&#8221;. Sim em HOPSPITAL e num dos mais conceituados de S\u00e3o Paulo e do Brasil. Toda a infraestrutura hospitalar \u00e0 disposi\u00e7\u00e3o de nossos cirurgi\u00f5es para sua maior seguran\u00e7a! Marque sua avalia\u00e7\u00e3o Processo Completo Veja as&hellip; <a class=\"more-link\" href=\"https:\/\/landingpage2.medtourtransplantecapilar.com.br\/\">Continue a ler <span class=\"screen-reader-text\">Home<\/span><\/a><\/p>\n","protected":false},"author":1,"featured_media":0,"parent":0,"menu_order":0,"comment_status":"closed","ping_status":"closed","template":"ba-cheetah-canvas-template","meta":{"footnotes":""},"yoast_head":"<!-- This site is optimized with the Yoast SEO plugin v22.6 - https:\/\/yoast.com\/wordpress\/plugins\/seo\/ -->\n<title>Home - Landing Page 2<\/title>\n<meta name=\"robots\" content=\"index, follow, max-snippet:-1, max-image-preview:large, max-video-preview:-1\" \/>\n<link rel=\"canonical\" href=\"https:\/\/landingpage2.medtourtransplantecapilar.com.br\/\" \/>\n<meta property=\"og:locale\" content=\"pt_PT\" \/>\n<meta property=\"og:type\" content=\"article\" \/>\n<meta property=\"og:title\" content=\"Home - Landing Page 2\" \/>\n<meta property=\"og:description\" content=\"Cirurgias de transplante capilar em hospital Realizamos cirurgia de transplante capilar em HOSPITAL e n\u00e3o somente em &#8220;cl\u00ednica com ambiente hospitalar&#8221;. Sim em HOPSPITAL e num dos mais conceituados de S\u00e3o Paulo e do Brasil. Toda a infraestrutura hospitalar \u00e0 disposi\u00e7\u00e3o de nossos cirurgi\u00f5es para sua maior seguran\u00e7a! Marque sua avalia\u00e7\u00e3o Processo Completo Veja as&hellip; Continue a ler Home\" \/>\n<meta property=\"og:url\" content=\"https:\/\/landingpage2.medtourtransplantecapilar.com.br\/\" \/>\n<meta property=\"og:site_name\" content=\"Landing Page 2\" \/>\n<meta property=\"article:modified_time\" content=\"2023-08-17T14:22:18+00:00\" \/>\n<meta property=\"og:image\" content=\"https:\/\/cheetahwp.builderall.com\/wp-content\/uploads\/2022\/02\/geography.png\" \/>\n<meta name=\"twitter:card\" content=\"summary_large_image\" \/>\n<meta name=\"twitter:label1\" content=\"Tempo estimado de leitura\" \/>\n\t<meta name=\"twitter:data1\" content=\"5 minutos\" \/>\n<script type=\"application\/ld+json\" class=\"yoast-schema-graph\">{\"@context\":\"https:\/\/schema.org\",\"@graph\":[{\"@type\":\"WebPage\",\"@id\":\"https:\/\/landingpage2.medtourtransplantecapilar.com.br\/\",\"url\":\"https:\/\/landingpage2.medtourtransplantecapilar.com.br\/\",\"name\":\"Home - Landing Page 2\",\"isPartOf\":{\"@id\":\"https:\/\/landingpage2.medtourtransplantecapilar.com.br\/#website\"},\"primaryImageOfPage\":{\"@id\":\"https:\/\/landingpage2.medtourtransplantecapilar.com.br\/#primaryimage\"},\"image\":{\"@id\":\"https:\/\/landingpage2.medtourtransplantecapilar.com.br\/#primaryimage\"},\"thumbnailUrl\":\"https:\/\/cheetahwp.builderall.com\/wp-content\/uploads\/2022\/02\/geography.png\",\"datePublished\":\"2022-08-24T00:06:10+00:00\",\"dateModified\":\"2023-08-17T14:22:18+00:00\",\"breadcrumb\":{\"@id\":\"https:\/\/landingpage2.medtourtransplantecapilar.com.br\/#breadcrumb\"},\"inLanguage\":\"pt-PT\",\"potentialAction\":[{\"@type\":\"ReadAction\",\"target\":[\"https:\/\/landingpage2.medtourtransplantecapilar.com.br\/\"]}]},{\"@type\":\"ImageObject\",\"inLanguage\":\"pt-PT\",\"@id\":\"https:\/\/landingpage2.medtourtransplantecapilar.com.br\/#primaryimage\",\"url\":\"https:\/\/cheetahwp.builderall.com\/wp-content\/uploads\/2022\/02\/geography.png\",\"contentUrl\":\"https:\/\/cheetahwp.builderall.com\/wp-content\/uploads\/2022\/02\/geography.png\"},{\"@type\":\"BreadcrumbList\",\"@id\":\"https:\/\/landingpage2.medtourtransplantecapilar.com.br\/#breadcrumb\",\"itemListElement\":[{\"@type\":\"ListItem\",\"position\":1,\"name\":\"In\u00edcio\",\"item\":\"https:\/\/landingpage2.medtourtransplantecapilar.com.br\/\"},{\"@type\":\"ListItem\",\"position\":2,\"name\":\"Home\"}]},{\"@type\":\"WebSite\",\"@id\":\"https:\/\/landingpage2.medtourtransplantecapilar.com.br\/#website\",\"url\":\"https:\/\/landingpage2.medtourtransplantecapilar.com.br\/\",\"name\":\"Landing Page 2\",\"description\":\"Transplante capilar\",\"publisher\":{\"@id\":\"https:\/\/landingpage2.medtourtransplantecapilar.com.br\/#organization\"},\"potentialAction\":[{\"@type\":\"SearchAction\",\"target\":{\"@type\":\"EntryPoint\",\"urlTemplate\":\"https:\/\/landingpage2.medtourtransplantecapilar.com.br\/?s={search_term_string}\"},\"query-input\":\"required name=search_term_string\"}],\"inLanguage\":\"pt-PT\"},{\"@type\":\"Organization\",\"@id\":\"https:\/\/landingpage2.medtourtransplantecapilar.com.br\/#organization\",\"name\":\"Innova Hair\",\"url\":\"https:\/\/landingpage2.medtourtransplantecapilar.com.br\/\",\"logo\":{\"@type\":\"ImageObject\",\"inLanguage\":\"pt-PT\",\"@id\":\"https:\/\/landingpage2.medtourtransplantecapilar.com.br\/#\/schema\/logo\/image\/\",\"url\":\"https:\/\/landingpage2.medtourtransplantecapilar.com.br\/wp-content\/uploads\/2022\/10\/9-1.png\",\"contentUrl\":\"https:\/\/landingpage2.medtourtransplantecapilar.com.br\/wp-content\/uploads\/2022\/10\/9-1.png\",\"width\":500,\"height\":500,\"caption\":\"Innova Hair\"},\"image\":{\"@id\":\"https:\/\/landingpage2.medtourtransplantecapilar.com.br\/#\/schema\/logo\/image\/\"}}]}<\/script>\n<!-- \/ Yoast SEO plugin. -->","yoast_head_json":{"title":"Home - Landing Page 2","robots":{"index":"index","follow":"follow","max-snippet":"max-snippet:-1","max-image-preview":"max-image-preview:large","max-video-preview":"max-video-preview:-1"},"canonical":"https:\/\/landingpage2.medtourtransplantecapilar.com.br\/","og_locale":"pt_PT","og_type":"article","og_title":"Home - Landing Page 2","og_description":"Cirurgias de transplante capilar em hospital Realizamos cirurgia de transplante capilar em HOSPITAL e n\u00e3o somente em &#8220;cl\u00ednica com ambiente hospitalar&#8221;. Sim em HOPSPITAL e num dos mais conceituados de S\u00e3o Paulo e do Brasil. Toda a infraestrutura hospitalar \u00e0 disposi\u00e7\u00e3o de nossos cirurgi\u00f5es para sua maior seguran\u00e7a! Marque sua avalia\u00e7\u00e3o Processo Completo Veja as&hellip; Continue a ler Home","og_url":"https:\/\/landingpage2.medtourtransplantecapilar.com.br\/","og_site_name":"Landing Page 2","article_modified_time":"2023-08-17T14:22:18+00:00","og_image":[{"url":"https:\/\/cheetahwp.builderall.com\/wp-content\/uploads\/2022\/02\/geography.png"}],"twitter_card":"summary_large_image","twitter_misc":{"Tempo estimado de leitura":"5 minutos"},"schema":{"@context":"https:\/\/schema.org","@graph":[{"@type":"WebPage","@id":"https:\/\/landingpage2.medtourtransplantecapilar.com.br\/","url":"https:\/\/landingpage2.medtourtransplantecapilar.com.br\/","name":"Home - Landing Page 2","isPartOf":{"@id":"https:\/\/landingpage2.medtourtransplantecapilar.com.br\/#website"},"primaryImageOfPage":{"@id":"https:\/\/landingpage2.medtourtransplantecapilar.com.br\/#primaryimage"},"image":{"@id":"https:\/\/landingpage2.medtourtransplantecapilar.com.br\/#primaryimage"},"thumbnailUrl":"https:\/\/cheetahwp.builderall.com\/wp-content\/uploads\/2022\/02\/geography.png","datePublished":"2022-08-24T00:06:10+00:00","dateModified":"2023-08-17T14:22:18+00:00","breadcrumb":{"@id":"https:\/\/landingpage2.medtourtransplantecapilar.com.br\/#breadcrumb"},"inLanguage":"pt-PT","potentialAction":[{"@type":"ReadAction","target":["https:\/\/landingpage2.medtourtransplantecapilar.com.br\/"]}]},{"@type":"ImageObject","inLanguage":"pt-PT","@id":"https:\/\/landingpage2.medtourtransplantecapilar.com.br\/#primaryimage","url":"https:\/\/cheetahwp.builderall.com\/wp-content\/uploads\/2022\/02\/geography.png","contentUrl":"https:\/\/cheetahwp.builderall.com\/wp-content\/uploads\/2022\/02\/geography.png"},{"@type":"BreadcrumbList","@id":"https:\/\/landingpage2.medtourtransplantecapilar.com.br\/#breadcrumb","itemListElement":[{"@type":"ListItem","position":1,"name":"In\u00edcio","item":"https:\/\/landingpage2.medtourtransplantecapilar.com.br\/"},{"@type":"ListItem","position":2,"name":"Home"}]},{"@type":"WebSite","@id":"https:\/\/landingpage2.medtourtransplantecapilar.com.br\/#website","url":"https:\/\/landingpage2.medtourtransplantecapilar.com.br\/","name":"Landing Page 2","description":"Transplante capilar","publisher":{"@id":"https:\/\/landingpage2.medtourtransplantecapilar.com.br\/#organization"},"potentialAction":[{"@type":"SearchAction","target":{"@type":"EntryPoint","urlTemplate":"https:\/\/landingpage2.medtourtransplantecapilar.com.br\/?s={search_term_string}"},"query-input":"required name=search_term_string"}],"inLanguage":"pt-PT"},{"@type":"Organization","@id":"https:\/\/landingpage2.medtourtransplantecapilar.com.br\/#organization","name":"Innova Hair","url":"https:\/\/landingpage2.medtourtransplantecapilar.com.br\/","logo":{"@type":"ImageObject","inLanguage":"pt-PT","@id":"https:\/\/landingpage2.medtourtransplantecapilar.com.br\/#\/schema\/logo\/image\/","url":"https:\/\/landingpage2.medtourtransplantecapilar.com.br\/wp-content\/uploads\/2022\/10\/9-1.png","contentUrl":"https:\/\/landingpage2.medtourtransplantecapilar.com.br\/wp-content\/uploads\/2022\/10\/9-1.png","width":500,"height":500,"caption":"Innova Hair"},"image":{"@id":"https:\/\/landingpage2.medtourtransplantecapilar.com.br\/#\/schema\/logo\/image\/"}}]}},"_links":{"self":[{"href":"https:\/\/landingpage2.medtourtransplantecapilar.com.br\/index.php?rest_route=\/wp\/v2\/pages\/5"}],"collection":[{"href":"https:\/\/landingpage2.medtourtransplantecapilar.com.br\/index.php?rest_route=\/wp\/v2\/pages"}],"about":[{"href":"https:\/\/landingpage2.medtourtransplantecapilar.com.br\/index.php?rest_route=\/wp\/v2\/types\/page"}],"author":[{"embeddable":true,"href":"https:\/\/landingpage2.medtourtransplantecapilar.com.br\/index.php?rest_route=\/wp\/v2\/users\/1"}],"replies":[{"embeddable":true,"href":"https:\/\/landingpage2.medtourtransplantecapilar.com.br\/index.php?rest_route=%2Fwp%2Fv2%2Fcomments&post=5"}],"version-history":[{"count":87,"href":"https:\/\/landingpage2.medtourtransplantecapilar.com.br\/index.php?rest_route=\/wp\/v2\/pages\/5\/revisions"}],"predecessor-version":[{"id":248,"href":"https:\/\/landingpage2.medtourtransplantecapilar.com.br\/index.php?rest_route=\/wp\/v2\/pages\/5\/revisions\/248"}],"wp:attachment":[{"href":"https:\/\/landingpage2.medtourtransplantecapilar.com.br\/index.php?rest_route=%2Fwp%2Fv2%2Fmedia&parent=5"}],"curies":[{"name":"wp","href":"https:\/\/api.w.org\/{rel}","templated":true}]}}